{"id":99,"date":"2020-07-01T07:23:44","date_gmt":"2020-07-01T07:23:44","guid":{"rendered":"https:\/\/jupiterx.artbees.net\/yoga-instructor\/?page_id=99"},"modified":"2023-01-04T23:48:42","modified_gmt":"2023-01-04T23:48:42","slug":"a-propos","status":"publish","type":"page","link":"https:\/\/jetricotemaviecreative.com\/en\/a-propos\/","title":{"rendered":"\u00c0 propos"},"content":{"rendered":"<div data-elementor-type=\"wp-page\" data-elementor-id=\"99\" class=\"elementor elementor-99\" data-elementor-post-type=\"page\">\n\t\t\t\t\t\t<section class=\"elementor-section elementor-top-section elementor-element elementor-element-7e384b3 elementor-section-height-min-height elementor-section-stretched elementor-section-full_width elementor-section-height-default elementor-section-items-middle\" data-id=\"7e384b3\" data-element_type=\"section\" data-settings=\"{&quot;jet_parallax_layout_list&quot;:[{&quot;jet_parallax_layout_image&quot;:{&quot;url&quot;:&quot;&quot;,&quot;id&quot;:&quot;&quot;,&quot;size&quot;:&quot;&quot;},&quot;_id&quot;:&quot;4701e77&quot;,&quot;jet_parallax_layout_image_tablet&quot;:{&quot;url&quot;:&quot;&quot;,&quot;id&quot;:&quot;&quot;,&quot;size&quot;:&quot;&quot;},&quot;jet_parallax_layout_image_mobile&quot;:{&quot;url&quot;:&quot;&quot;,&quot;id&quot;:&quot;&quot;,&quot;size&quot;:&quot;&quot;},&quot;jet_parallax_layout_speed&quot;:{&quot;unit&quot;:&quot;%&quot;,&quot;size&quot;:50,&quot;sizes&quot;:[]},&quot;jet_parallax_layout_type&quot;:&quot;scroll&quot;,&quot;jet_parallax_layout_direction&quot;:null,&quot;jet_parallax_layout_fx_direction&quot;:null,&quot;jet_parallax_layout_z_index&quot;:&quot;&quot;,&quot;jet_parallax_layout_bg_x&quot;:50,&quot;jet_parallax_layout_bg_x_tablet&quot;:&quot;&quot;,&quot;jet_parallax_layout_bg_x_mobile&quot;:&quot;&quot;,&quot;jet_parallax_layout_bg_y&quot;:50,&quot;jet_parallax_layout_bg_y_tablet&quot;:&quot;&quot;,&quot;jet_parallax_layout_bg_y_mobile&quot;:&quot;&quot;,&quot;jet_parallax_layout_bg_size&quot;:&quot;auto&quot;,&quot;jet_parallax_layout_bg_size_tablet&quot;:&quot;&quot;,&quot;jet_parallax_layout_bg_size_mobile&quot;:&quot;&quot;,&quot;jet_parallax_layout_animation_prop&quot;:&quot;transform&quot;,&quot;jet_parallax_layout_on&quot;:[&quot;desktop&quot;,&quot;tablet&quot;]}],&quot;stretch_section&quot;:&quot;section-stretched&quot;}\">\n\t\t\t\t\t\t\t<div class=\"elementor-background-overlay\"><\/div>\n\t\t\t\t\t\t\t<div class=\"elementor-container elementor-column-gap-no\">\n\t\t\t\t\t<div class=\"elementor-column elementor-col-100 elementor-top-column elementor-element elementor-element-0a0a287\" data-id=\"0a0a287\" data-element_type=\"column\" data-settings=\"{&quot;background_background&quot;:&quot;classic&quot;}\">\n\t\t\t<div class=\"elementor-widget-wrap elementor-element-populated\">\n\t\t\t\t\t<div class=\"elementor-background-overlay\"><\/div>\n\t\t\t\t\t\t<div class=\"elementor-element elementor-element-c2c5276 elementor-widget elementor-widget-heading\" data-id=\"c2c5276\" data-element_type=\"widget\" data-widget_type=\"heading.default\">\n\t\t\t\t<div class=\"elementor-widget-container\">\n\t\t\t<style>\/*! elementor - v3.23.0 - 05-08-2024 *\/\n.elementor-heading-title{padding:0;margin:0;line-height:1}.elementor-widget-heading .elementor-heading-title[class*=elementor-size-]>a{color:inherit;font-size:inherit;line-height:inherit}.elementor-widget-heading .elementor-heading-title.elementor-size-small{font-size:15px}.elementor-widget-heading .elementor-heading-title.elementor-size-medium{font-size:19px}.elementor-widget-heading .elementor-heading-title.elementor-size-large{font-size:29px}.elementor-widget-heading .elementor-heading-title.elementor-size-xl{font-size:39px}.elementor-widget-heading .elementor-heading-title.elementor-size-xxl{font-size:59px}<\/style><h1 class=\"elementor-heading-title elementor-size-default\">\u00c0 propos de moi<\/h1>\t\t<\/div>\n\t\t\t\t<\/div>\n\t\t\t\t\t<\/div>\n\t\t<\/div>\n\t\t\t\t\t<\/div>\n\t\t<\/section>\n\t\t\t\t<section class=\"elementor-section elementor-top-section elementor-element elementor-element-7a20144 elementor-section-boxed elementor-section-height-default elementor-section-height-default\" data-id=\"7a20144\" data-element_type=\"section\" data-settings=\"{&quot;jet_parallax_layout_list&quot;:[{&quot;jet_parallax_layout_image&quot;:{&quot;url&quot;:&quot;&quot;,&quot;id&quot;:&quot;&quot;,&quot;size&quot;:&quot;&quot;},&quot;_id&quot;:&quot;aefbc63&quot;,&quot;jet_parallax_layout_image_tablet&quot;:{&quot;url&quot;:&quot;&quot;,&quot;id&quot;:&quot;&quot;,&quot;size&quot;:&quot;&quot;},&quot;jet_parallax_layout_image_mobile&quot;:{&quot;url&quot;:&quot;&quot;,&quot;id&quot;:&quot;&quot;,&quot;size&quot;:&quot;&quot;},&quot;jet_parallax_layout_speed&quot;:{&quot;unit&quot;:&quot;%&quot;,&quot;size&quot;:50,&quot;sizes&quot;:[]},&quot;jet_parallax_layout_type&quot;:&quot;scroll&quot;,&quot;jet_parallax_layout_direction&quot;:null,&quot;jet_parallax_layout_fx_direction&quot;:null,&quot;jet_parallax_layout_z_index&quot;:&quot;&quot;,&quot;jet_parallax_layout_bg_x&quot;:50,&quot;jet_parallax_layout_bg_x_tablet&quot;:&quot;&quot;,&quot;jet_parallax_layout_bg_x_mobile&quot;:&quot;&quot;,&quot;jet_parallax_layout_bg_y&quot;:50,&quot;jet_parallax_layout_bg_y_tablet&quot;:&quot;&quot;,&quot;jet_parallax_layout_bg_y_mobile&quot;:&quot;&quot;,&quot;jet_parallax_layout_bg_size&quot;:&quot;auto&quot;,&quot;jet_parallax_layout_bg_size_tablet&quot;:&quot;&quot;,&quot;jet_parallax_layout_bg_size_mobile&quot;:&quot;&quot;,&quot;jet_parallax_layout_animation_prop&quot;:&quot;transform&quot;,&quot;jet_parallax_layout_on&quot;:[&quot;desktop&quot;,&quot;tablet&quot;]}],&quot;background_background&quot;:&quot;classic&quot;}\">\n\t\t\t\t\t\t<div class=\"elementor-container elementor-column-gap-no\">\n\t\t\t\t\t<div class=\"elementor-column elementor-col-100 elementor-top-column elementor-element elementor-element-5d33649\" data-id=\"5d33649\" data-element_type=\"column\">\n\t\t\t<div class=\"elementor-widget-wrap elementor-element-populated\">\n\t\t\t\t\t\t<div class=\"elementor-element elementor-element-2b9751c elementor-drop-cap-yes elementor-drop-cap-view-default elementor-widget elementor-widget-text-editor\" data-id=\"2b9751c\" data-element_type=\"widget\" data-settings=\"{&quot;drop_cap&quot;:&quot;yes&quot;}\" data-widget_type=\"text-editor.default\">\n\t\t\t\t<div class=\"elementor-widget-container\">\n\t\t\t<style>\/*! elementor - v3.23.0 - 05-08-2024 *\/\n.elementor-widget-text-editor.elementor-drop-cap-view-stacked .elementor-drop-cap{background-color:#69727d;color:#fff}.elementor-widget-text-editor.elementor-drop-cap-view-framed .elementor-drop-cap{color:#69727d;border:3px solid;background-color:transparent}.elementor-widget-text-editor:not(.elementor-drop-cap-view-default) .elementor-drop-cap{margin-top:8px}.elementor-widget-text-editor:not(.elementor-drop-cap-view-default) .elementor-drop-cap-letter{width:1em;height:1em}.elementor-widget-text-editor .elementor-drop-cap{float:left;text-align:center;line-height:1;font-size:50px}.elementor-widget-text-editor .elementor-drop-cap-letter{display:inline-block}<\/style>\t\t\t\t<p>Comment d\u00e9crire qui je suis et mon cheminement artistique?\u00a0 Je dirais que ce qui compte pour moi, c&#8217;est le plaisir de cr\u00e9er. Ma cr\u00e9ativit\u00e9 est connect\u00e9e \u00e0 mon essence profonde. Si je mets ma cr\u00e9ativit\u00e9 de c\u00f4t\u00e9, je laisse la flamme s&#8217;\u00e9teindre et je m&#8217;\u00e9tiole.<\/p><p>Mon parcours cr\u00e9atif artistique est plut\u00f4t atypique. J\u2019ai toujours aim\u00e9 dessiner, colorier, faire de collage.\u00a0 Enfant, je ne me lassais jamais de ces activit\u00e9s.\u00a0 Puis il y a eu l\u2019\u00e9cole, le travail, la maternit\u00e9 multipli\u00e9e par trois puis apr\u00e8s le travail \u00e0 temps plein.\u00a0 J\u2019ai mis de c\u00f4t\u00e9 mes activit\u00e9s \u00ab artistiques \u00bb pendant plusieurs ann\u00e9es. Jusqu\u2019\u00e0 ce que je ressente un vide en moi que je ne m\u2019expliquais pas.\u00a0 Je remercie mon intuition de m\u2019avoir guid\u00e9e et ramen\u00e9e vers ma source cr\u00e9ative.<\/p><p>Cela s\u2019est \u00e9chelonn\u00e9 sur plusieurs ann\u00e9es. J\u2019ai suivi diff\u00e9rents cours de technique en dessin, peinture, aquarelle, pastel. Cela restait toujours un \u00e0 c\u00f4t\u00e9. Je ne me serais jamais permis de donner une plus grande place \u00e0 ces activit\u00e9s artistiques que je consid\u00e9rais comme un loisir. De plus, je ne me consid\u00e9rais pas assez dou\u00e9e pour en faire un m\u00e9tier.<\/p><p>Il y a toujours un moment dans la vie o\u00f9 il y a un d\u00e9clic. Ma cr\u00e9ativit\u00e9 s\u2019est vraiment d\u00e9ploy\u00e9e \u00e0 partir du moment o\u00f9 j\u2019ai lu le livre le Journal Cr\u00e9atif d\u2019Anne-Marie Jobin, art th\u00e9rapeute. Je suis litt\u00e9ralement tomb\u00e9e en amour avec le Journal cr\u00e9atif ! Il me fallait absolument exp\u00e9rimenter cet outil artistique.<\/p><p>C&#8217;est apr\u00e8s avoir suivi un atelier avec Anne-Marie que tout s\u2019est encha\u00een\u00e9. Je suis alors sortie du dessin technique, des cours d\u2019art traditionnel pour entrer dans le monde de la cr\u00e9ativit\u00e9 ludique. Wow ! Tout un monde venait de s\u2019ouvrir \u00e0 moi ! C\u2019est alors que j&#8217;ai d\u00e9cid\u00e9 de suivre sa formation en 2004-2005 pour devenir animatrice certifi\u00e9e du Journal Cr\u00e9atif.<\/p><p>Le Journal Cr\u00e9atif est un outil qui permet en tout temps de renouer avec le plaisir de cr\u00e9er et de s&#8217;amuser avec les formes, les mots et les couleurs. Il me permet de combiner tous les m\u00e9diums artistiques et les techniques que je pr\u00e9f\u00e8re. Dessin et \u00e9criture spontan\u00e9s, collage, gribouillis, po\u00e8mes ludiques. C\u2019est la raison pour laquelle je souhaite le faire d\u00e9couvrir au plus de gens possibles. L\u2019exploration cr\u00e9atrice est infinie !<\/p><p>La m\u00e9thode du Journal cr\u00e9atif n\u2019est pas de l\u2019art-th\u00e9rapie.\u00a0 Elle n\u2019entre pas dans le cadre d\u2019une relation th\u00e9rapeutique.\u00a0 Elle peut, par contre, \u00eatre compl\u00e9mentaire \u00e0 une d\u00e9marche de th\u00e9rapie.<\/p><p>Les r\u00eaves m\u2019ont toujours fascin\u00e9. J&#8217;aime me r\u00e9veiller doucement et prendre le temps de revoir les images et les sc\u00e9narios de mes r\u00eaves de la nuit.<\/p><p>Il est important de prendre soin de ses r\u00eaves, mais j\u2019avoue que c\u2019est parfois difficile de comprendre toutes ces images et sc\u00e9narios farfelus !<\/p><p>Plusieurs ateliers sur les r\u00eaves m&#8217;ont appris diff\u00e9rentes techniques d&#8217;exploration pour m&#8217;aider \u00e0 les comprendre. C\u2019est extraordinaire de voir \u00e0 quel point les r\u00eaves sont porteurs de messages, de solutions, des guides pr\u00e9cieux, des indicateurs de directions, des t\u00e9moins de notre \u00e9volution.<\/p><p>Pour aller plus loin, j\u2019ai suivi une formation sur les r\u00eaves en 2021 avec Anne-Marie Jobin et Johanne Hamel aussi art th\u00e9rapeute. Je peux ainsi aider les gens \u00e0 explorer leurs r\u00eaves. La personne la mieux plac\u00e9e pour comprendre ses r\u00eaves, c\u2019est nous-m\u00eames.<\/p><p>Parmi les m\u00e9thodes d\u2019exploration des r\u00eaves, il y a l\u2019identification gestaltiste, le dialogue jungien, faire ressortir le message existentiel du r\u00eave, le travail sur le cauchemar, les exercices du journal cr\u00e9atif en lien avec le r\u00eave.<\/p><p>Un autre outil d\u2019exploration cr\u00e9ative que j\u2019affectionne beaucoup et qui ressemble d\u2019une certaine fa\u00e7on au monde des r\u00eaves est le mandala. D\u00e9couvrir pourquoi on a utilis\u00e9 telle couleur, tel symbole, telle forme, nous am\u00e8ne \u00e0 explorer couche par couche le travail int\u00e9rieur qui se d\u00e9ploie devant nos yeux.\u00a0 Tous ces symboles sont des manifestations de ce qui se passe au plus profond de nous.<\/p><p>Le mot mandala est un ancien mot en sanskrit qui signifie roue, cercle ou le Centre de Soi. Originaire de l&#8217;Extr\u00eame-Orient, ce terme d\u00e9signe un diagramme qui repr\u00e9sente la structure de l&#8217;Univers, le fondement de toute existence. Les mystiques orientaux soutiennent que c&#8217;est un chemin pour trouver le Centre de Soi.\u00a0\u00a0\u00a0\u00a0<\/p><p>J&#8217;ai eu la chance d&#8217;\u00e9tudier le mandala avec Pauline Veilleux, artiste en arts visuels. Elle fut mon professeur pendant une vingtaine d&#8217;ann\u00e9es.\u00a0 Elle m&#8217;a appris \u00e0 travailler avec le cercle, le carr\u00e9, la croix, le triangle et les rayons.\u00a0 Dessiner un mandala est une forme de m\u00e9ditation. Canaliser l&#8217;\u00e9nergie dans un cercle me ram\u00e8ne au Centre et m&#8217;unifie \u00e0 l&#8217;Univers.<\/p><p>Dessiner dans un cercle est une activit\u00e9 mill\u00e9naire. Le psychanalyste Carl Jung a explor\u00e9 l&#8217;univers des mandalas pour son propre cheminement.\u00a0 Il disait que faire un mandala nous permet d&#8217;entrer en contact avec notre inconscient.\u00a0 Il appliquait d&#8217;ailleurs la pratique du mandala \u00e0 ses patients.\u00a0<\/p><p>Personnellement, la pratique du mandala a particip\u00e9 \u00e0 ma gu\u00e9rison spirituelle. Dessiner entre autres dans un cercle les formes des sept chakras \u00e9nerg\u00e9tiques ainsi que certains chakras mineurs a \u00e9t\u00e9 une initiation pour percevoir l\u2019\u00e9nergie subtile des corps de lumi\u00e8re.<\/p><p>Je propage les enseignements de Pauline Veilleux en les vulgarisant et les rendant le plus accessible possible. Je crois que le mandala permet de cr\u00e9er, recr\u00e9er, harmoniser et r\u00e9harmoniser notre \u00eatre dans son entier.\u00a0<\/p><p>Autre passion dans ma vie\u00a0: le tricot !<\/p><p>Il para\u00eet que le tricot est le nouveau yoga !<\/p><p>Je suis une passionn\u00e9e de la fibre, qu\u2019elle soit de la laine, du coton, du lin, de la soie, du cachemire, du mohair, etc. J\u2019aime fl\u00e2ner dans une boutique de tricot, toucher les \u00e9cheveaux, y tricoter entre amies. Je m\u2019y sens chez moi parmi tous ces \u00e9cheveaux plus beaux les uns que les autres !<\/p><p>Le tricot apporte la d\u00e9tente certes, mais il peut aussi \u00eatre vu comme une excellente mani\u00e8re de garder le cerveau en sant\u00e9 vu les nombreux apprentissages que l\u2019on peut y faire. J\u2019ai beau tricoter depuis une cinquantaine d\u2019ann\u00e9es, il y a toujours de nouvelles techniques, de nouveaux trucs \u00e0 d\u00e9couvrir et exp\u00e9rimenter.<\/p><p>Que l\u2019on aime le cliquetis des broches de m\u00e9tal ou la douceur des broches en bois, quel bonheur de voir appara\u00eetre lentement un ch\u00e2le, des bas, des mitaines, une tuque, un chandail !<\/p><p>J\u2019aime dire que je tricote ma vie une maille \u00e0 la fois ! Transmettre ce savoir et voir une personne se passionner pour le tricot est un de mes plus grands \u00ab petits \u00bb bonheurs.\u00a0<\/p><p>Je donne mes diff\u00e9rents ateliers en priv\u00e9, semi-priv\u00e9 ou en groupe chez moi.\u00a0\u00a0<\/p>\t\t\t\t\t\t<\/div>\n\t\t\t\t<\/div>\n\t\t\t\t\t<\/div>\n\t\t<\/div>\n\t\t\t\t\t<\/div>\n\t\t<\/section>\n\t\t\t\t<section class=\"elementor-section elementor-top-section elementor-element elementor-element-d2529cd elementor-section-boxed elementor-section-height-default elementor-section-height-default\" data-id=\"d2529cd\" data-element_type=\"section\" data-settings=\"{&quot;jet_parallax_layout_list&quot;:[]}\">\n\t\t\t\t\t\t<div class=\"elementor-container elementor-column-gap-default\">\n\t\t\t\t\t<div class=\"elementor-column elementor-col-100 elementor-top-column elementor-element elementor-element-614173b\" data-id=\"614173b\" data-element_type=\"column\">\n\t\t\t<div class=\"elementor-widget-wrap elementor-element-populated\">\n\t\t\t\t\t\t<div class=\"elementor-element elementor-element-5687209 elementor-widget elementor-widget-image\" data-id=\"5687209\" data-element_type=\"widget\" data-widget_type=\"image.default\">\n\t\t\t\t<div class=\"elementor-widget-container\">\n\t\t\t<style>\/*! elementor - v3.23.0 - 05-08-2024 *\/\n.elementor-widget-image{text-align:center}.elementor-widget-image a{display:inline-block}.elementor-widget-image a img[src$=\".svg\"]{width:48px}.elementor-widget-image img{vertical-align:middle;display:inline-block}<\/style>\t\t\t\t\t\t\t\t\t\t<img fetchpriority=\"high\" decoding=\"async\" width=\"237\" height=\"315\" src=\"https:\/\/jetricotemaviecreative.com\/wp-content\/uploads\/2022\/12\/Diane-Malo.jpg\" class=\"attachment-large size-large wp-image-1214\" alt=\"\" srcset=\"https:\/\/jetricotemaviecreative.com\/wp-content\/uploads\/2022\/12\/Diane-Malo.jpg 237w, https:\/\/jetricotemaviecreative.com\/wp-content\/uploads\/2022\/12\/Diane-Malo-226x300.jpg 226w\" sizes=\"(max-width: 237px) 100vw, 237px\" \/>\t\t\t\t\t\t\t\t\t\t\t\t\t<\/div>\n\t\t\t\t<\/div>\n\t\t\t\t<div class=\"elementor-element elementor-element-aa15c6f elementor-widget elementor-widget-text-editor\" data-id=\"aa15c6f\" data-element_type=\"widget\" data-widget_type=\"text-editor.default\">\n\t\t\t\t<div class=\"elementor-widget-container\">\n\t\t\t\t\t\t\t<p>Diane Malo<\/p>\t\t\t\t\t\t<\/div>\n\t\t\t\t<\/div>\n\t\t\t\t\t<\/div>\n\t\t<\/div>\n\t\t\t\t\t<\/div>\n\t\t<\/section>\n\t\t\t\t<section class=\"elementor-section elementor-top-section elementor-element elementor-element-535c55e elementor-hidden-desktop elementor-hidden-tablet elementor-hidden-mobile elementor-section-boxed elementor-section-height-default elementor-section-height-default\" data-id=\"535c55e\" data-element_type=\"section\" data-settings=\"{&quot;jet_parallax_layout_list&quot;:[{&quot;jet_parallax_layout_image&quot;:{&quot;url&quot;:&quot;&quot;,&quot;id&quot;:&quot;&quot;,&quot;size&quot;:&quot;&quot;},&quot;_id&quot;:&quot;8ecc425&quot;,&quot;jet_parallax_layout_image_tablet&quot;:{&quot;url&quot;:&quot;&quot;,&quot;id&quot;:&quot;&quot;,&quot;size&quot;:&quot;&quot;},&quot;jet_parallax_layout_image_mobile&quot;:{&quot;url&quot;:&quot;&quot;,&quot;id&quot;:&quot;&quot;,&quot;size&quot;:&quot;&quot;},&quot;jet_parallax_layout_speed&quot;:{&quot;unit&quot;:&quot;%&quot;,&quot;size&quot;:50,&quot;sizes&quot;:[]},&quot;jet_parallax_layout_type&quot;:&quot;scroll&quot;,&quot;jet_parallax_layout_direction&quot;:null,&quot;jet_parallax_layout_fx_direction&quot;:null,&quot;jet_parallax_layout_z_index&quot;:&quot;&quot;,&quot;jet_parallax_layout_bg_x&quot;:50,&quot;jet_parallax_layout_bg_x_tablet&quot;:&quot;&quot;,&quot;jet_parallax_layout_bg_x_mobile&quot;:&quot;&quot;,&quot;jet_parallax_layout_bg_y&quot;:50,&quot;jet_parallax_layout_bg_y_tablet&quot;:&quot;&quot;,&quot;jet_parallax_layout_bg_y_mobile&quot;:&quot;&quot;,&quot;jet_parallax_layout_bg_size&quot;:&quot;auto&quot;,&quot;jet_parallax_layout_bg_size_tablet&quot;:&quot;&quot;,&quot;jet_parallax_layout_bg_size_mobile&quot;:&quot;&quot;,&quot;jet_parallax_layout_animation_prop&quot;:&quot;transform&quot;,&quot;jet_parallax_layout_on&quot;:[&quot;desktop&quot;,&quot;tablet&quot;]}],&quot;background_background&quot;:&quot;classic&quot;}\">\n\t\t\t\t\t\t\t<div class=\"elementor-background-overlay\"><\/div>\n\t\t\t\t\t\t\t<div class=\"elementor-container elementor-column-gap-no\">\n\t\t\t\t\t<div class=\"elementor-column elementor-col-100 elementor-top-column elementor-element elementor-element-413c313\" data-id=\"413c313\" data-element_type=\"column\">\n\t\t\t<div class=\"elementor-widget-wrap elementor-element-populated\">\n\t\t\t\t\t\t<div class=\"elementor-element elementor-element-2ee747c elementor-widget elementor-widget-heading\" data-id=\"2ee747c\" data-element_type=\"widget\" data-widget_type=\"heading.default\">\n\t\t\t\t<div class=\"elementor-widget-container\">\n\t\t\t<h2 class=\"elementor-heading-title elementor-size-default\">Ce que disent mes clients<\/h2>\t\t<\/div>\n\t\t\t\t<\/div>\n\t\t\t\t<div class=\"elementor-element elementor-element-a025759 elementor-widget elementor-widget-jet-testimonials\" data-id=\"a025759\" data-element_type=\"widget\" data-settings=\"{&quot;slides_to_show&quot;:&quot;3&quot;,&quot;slides_to_scroll&quot;:&quot;1&quot;}\" data-widget_type=\"jet-testimonials.default\">\n\t\t\t\t<div class=\"elementor-widget-container\">\n\t\t\t<div class=\"elementor-jet-testimonials jet-elements\">\n<div class=\"jet-testimonials jet-equal-cols\">\n\t<div class=\"jet-testimonials__instance elementor-slick-slider\" data-settings='{\"autoplaySpeed\":5000,\"autoplay\":true,\"infinite\":true,\"centerMode\":false,\"centerPadding\":\"50px\",\"adaptiveHeight\":true,\"pauseOnHover\":false,\"speed\":500,\"arrows\":false,\"dots\":false,\"slidesToScroll\":1,\"prevArrow\":\".jet-testimonial__prev-arrow-a025759\",\"nextArrow\":\".jet-testimonial__next-arrow-a025759\",\"rtl\":false}' dir=\"ltr\"><div class=\"jet-testimonials__item\">\n\t<div class=\"jet-testimonials__item-inner\">\n\t\t<div class=\"jet-testimonials__content\"><div class=\"jet-testimonials__comment\">Class aptent taciti sociosqu ad litora torquent per conubia nostra, per inceptos hymenaeos. Nam pretium turpis et arcu. Quisque ut nisi. Nunc sed turpis. Vestibulum rutrum.<\/div><div class=\"jet-testimonials__name\"><span>John Stone<\/span><\/div><\/div>\n\t<\/div>\n<\/div>\n\n<div class=\"jet-testimonials__item\">\n\t<div class=\"jet-testimonials__item-inner\">\n\t\t<div class=\"jet-testimonials__content\"><div class=\"jet-testimonials__comment\">Vivamus aliquet elit ac nisl. Phasellus a est. Fusce convallis metus id felis luctus adipiscing. Curabitur a felis in nunc fringilla tristique. Aliquam lobortis. Vestibulum ullamcorper mauris at ligula.<\/div><div class=\"jet-testimonials__name\"><span>Jessica White<\/span><\/div><\/div>\n\t<\/div>\n<\/div>\n\n<div class=\"jet-testimonials__item\">\n\t<div class=\"jet-testimonials__item-inner\">\n\t\t<div class=\"jet-testimonials__content\"><div class=\"jet-testimonials__comment\">Praesent metus tellus, elementum eu, semper a, adipiscing nec, purus. Nulla neque dolor, sagittis eget, iaculis quis, molestie non.<\/div><div class=\"jet-testimonials__name\"><span>Bob Derek<\/span><\/div><\/div>\n\t<\/div>\n<\/div>\n\n<\/div>\n<\/div>\n<\/div>\t\t<\/div>\n\t\t\t\t<\/div>\n\t\t\t\t\t<\/div>\n\t\t<\/div>\n\t\t\t\t\t<\/div>\n\t\t<\/section>\n\t\t\t\t<\/div>","protected":false},"excerpt":{"rendered":"<p>\u00c0 propos de moi Comment d\u00e9crire qui je suis et mon cheminement artistique?\u00a0 Je dirais que ce qui compte pour moi, c&#8217;est le plaisir de cr\u00e9er. Ma cr\u00e9ativit\u00e9 est connect\u00e9e \u00e0 mon essence profonde. Si je mets ma cr\u00e9ativit\u00e9 de c\u00f4t\u00e9, je laisse la flamme s&#8217;\u00e9teindre et je m&#8217;\u00e9tiole. Mon parcours cr\u00e9atif artistique est plut\u00f4t [&hellip;]<\/p>","protected":false},"author":1,"featured_media":0,"parent":0,"menu_order":0,"comment_status":"closed","ping_status":"closed","template":"full-width.php","meta":{"_acf_changed":false,"footnotes":""},"class_list":["post-99","page","type-page","status-publish","hentry"],"acf":[],"_links":{"self":[{"href":"https:\/\/jetricotemaviecreative.com\/en\/wp-json\/wp\/v2\/pages\/99","targetHints":{"allow":["GET"]}}],"collection":[{"href":"https:\/\/jetricotemaviecreative.com\/en\/wp-json\/wp\/v2\/pages"}],"about":[{"href":"https:\/\/jetricotemaviecreative.com\/en\/wp-json\/wp\/v2\/types\/page"}],"author":[{"embeddable":true,"href":"https:\/\/jetricotemaviecreative.com\/en\/wp-json\/wp\/v2\/users\/1"}],"replies":[{"embeddable":true,"href":"https:\/\/jetricotemaviecreative.com\/en\/wp-json\/wp\/v2\/comments?post=99"}],"version-history":[{"count":0,"href":"https:\/\/jetricotemaviecreative.com\/en\/wp-json\/wp\/v2\/pages\/99\/revisions"}],"wp:attachment":[{"href":"https:\/\/jetricotemaviecreative.com\/en\/wp-json\/wp\/v2\/media?parent=99"}],"curies":[{"name":"wp","href":"https:\/\/api.w.org\/{rel}","templated":true}]}}