{"id":101,"date":"2020-07-01T07:23:58","date_gmt":"2020-07-01T07:23:58","guid":{"rendered":"https:\/\/jupiterx.artbees.net\/yoga-instructor\/?page_id=101"},"modified":"2023-03-13T20:01:30","modified_gmt":"2023-03-13T20:01:30","slug":"blogue","status":"publish","type":"page","link":"https:\/\/jetricotemaviecreative.com\/en\/blogue\/","title":{"rendered":"Blogue"},"content":{"rendered":"<div data-elementor-type=\"wp-page\" data-elementor-id=\"101\" class=\"elementor elementor-101\" data-elementor-post-type=\"page\">\n\t\t\t\t\t\t<section class=\"elementor-section elementor-top-section elementor-element elementor-element-88f58de elementor-section-boxed elementor-section-height-default elementor-section-height-default\" data-id=\"88f58de\" data-element_type=\"section\" data-settings=\"{&quot;jet_parallax_layout_list&quot;:[{&quot;jet_parallax_layout_image&quot;:{&quot;url&quot;:&quot;&quot;,&quot;id&quot;:&quot;&quot;,&quot;size&quot;:&quot;&quot;},&quot;_id&quot;:&quot;0c1dfcd&quot;,&quot;jet_parallax_layout_image_tablet&quot;:{&quot;url&quot;:&quot;&quot;,&quot;id&quot;:&quot;&quot;,&quot;size&quot;:&quot;&quot;},&quot;jet_parallax_layout_image_mobile&quot;:{&quot;url&quot;:&quot;&quot;,&quot;id&quot;:&quot;&quot;,&quot;size&quot;:&quot;&quot;},&quot;jet_parallax_layout_speed&quot;:{&quot;unit&quot;:&quot;%&quot;,&quot;size&quot;:50,&quot;sizes&quot;:[]},&quot;jet_parallax_layout_type&quot;:&quot;scroll&quot;,&quot;jet_parallax_layout_direction&quot;:null,&quot;jet_parallax_layout_fx_direction&quot;:null,&quot;jet_parallax_layout_z_index&quot;:&quot;&quot;,&quot;jet_parallax_layout_bg_x&quot;:50,&quot;jet_parallax_layout_bg_x_tablet&quot;:&quot;&quot;,&quot;jet_parallax_layout_bg_x_mobile&quot;:&quot;&quot;,&quot;jet_parallax_layout_bg_y&quot;:50,&quot;jet_parallax_layout_bg_y_tablet&quot;:&quot;&quot;,&quot;jet_parallax_layout_bg_y_mobile&quot;:&quot;&quot;,&quot;jet_parallax_layout_bg_size&quot;:&quot;auto&quot;,&quot;jet_parallax_layout_bg_size_tablet&quot;:&quot;&quot;,&quot;jet_parallax_layout_bg_size_mobile&quot;:&quot;&quot;,&quot;jet_parallax_layout_animation_prop&quot;:&quot;transform&quot;,&quot;jet_parallax_layout_on&quot;:[&quot;desktop&quot;,&quot;tablet&quot;]}],&quot;background_background&quot;:&quot;classic&quot;}\">\n\t\t\t\t\t\t<div class=\"elementor-container elementor-column-gap-no\">\n\t\t\t\t\t<div class=\"elementor-column elementor-col-100 elementor-top-column elementor-element elementor-element-c7bb948\" data-id=\"c7bb948\" data-element_type=\"column\">\n\t\t\t<div class=\"elementor-widget-wrap elementor-element-populated\">\n\t\t\t\t\t\t<div class=\"elementor-element elementor-element-a384930 elementor-vertical-align-top elementor-widget elementor-widget-icon-box\" data-id=\"a384930\" data-element_type=\"widget\" data-widget_type=\"icon-box.default\">\n\t\t\t\t<div class=\"elementor-widget-container\">\n\t\t\t<link rel=\"stylesheet\" href=\"https:\/\/jetricotemaviecreative.com\/wp-content\/plugins\/elementor\/assets\/css\/widget-icon-box.min.css\">\t\t<div class=\"elementor-icon-box-wrapper\">\n\n\t\t\t\n\t\t\t\t\t\t<div class=\"elementor-icon-box-content\">\n\n\t\t\t\t\t\t\t\t\t<h2 class=\"elementor-icon-box-title\">\n\t\t\t\t\t\t<span  >\n\t\t\t\t\t\t\tBienvenue sur mon blogue\t\t\t\t\t\t<\/span>\n\t\t\t\t\t<\/h2>\n\t\t\t\t\n\t\t\t\t\t\t\t\t\t<p class=\"elementor-icon-box-description\">\n\t\t\t\t\t\tLa cr\u00e9ation est un voyage d'expression et d'exploration de soi\t\t\t\t\t<\/p>\n\t\t\t\t\n\t\t\t<\/div>\n\t\t\t\n\t\t<\/div>\n\t\t\t\t<\/div>\n\t\t\t\t<\/div>\n\t\t\t\t\t<\/div>\n\t\t<\/div>\n\t\t\t\t\t<\/div>\n\t\t<\/section>\n\t\t\t\t<section class=\"elementor-section elementor-top-section elementor-element elementor-element-9684e26 elementor-section-full_width elementor-section-height-default elementor-section-height-default\" data-id=\"9684e26\" data-element_type=\"section\" data-settings=\"{&quot;jet_parallax_layout_list&quot;:[],&quot;background_background&quot;:&quot;classic&quot;}\">\n\t\t\t\t\t\t<div class=\"elementor-container elementor-column-gap-default\">\n\t\t\t\t\t<div class=\"elementor-column elementor-col-50 elementor-top-column elementor-element elementor-element-76d554c\" data-id=\"76d554c\" data-element_type=\"column\">\n\t\t\t<div class=\"elementor-widget-wrap elementor-element-populated\">\n\t\t\t\t\t\t<div class=\"elementor-element elementor-element-2622ae0 elementor-widget elementor-widget-heading\" data-id=\"2622ae0\" data-element_type=\"widget\" data-widget_type=\"heading.default\">\n\t\t\t\t<div class=\"elementor-widget-container\">\n\t\t\t<style>\/*! elementor - v3.23.0 - 05-08-2024 *\/\n.elementor-heading-title{padding:0;margin:0;line-height:1}.elementor-widget-heading .elementor-heading-title[class*=elementor-size-]>a{color:inherit;font-size:inherit;line-height:inherit}.elementor-widget-heading .elementor-heading-title.elementor-size-small{font-size:15px}.elementor-widget-heading .elementor-heading-title.elementor-size-medium{font-size:19px}.elementor-widget-heading .elementor-heading-title.elementor-size-large{font-size:29px}.elementor-widget-heading .elementor-heading-title.elementor-size-xl{font-size:39px}.elementor-widget-heading .elementor-heading-title.elementor-size-xxl{font-size:59px}<\/style><h2 class=\"elementor-heading-title elementor-size-default\">Cat\u00e9gories<\/h2>\t\t<\/div>\n\t\t\t\t<\/div>\n\t\t\t\t<div class=\"elementor-element elementor-element-3edbbd9 elementor-widget elementor-widget-raven-categories\" data-id=\"3edbbd9\" data-element_type=\"widget\" data-settings=\"{&quot;outer_content_columns&quot;:&quot;1&quot;,&quot;_skin&quot;:&quot;outer_content&quot;,&quot;source&quot;:&quot;blog&quot;,&quot;outer_content_layout&quot;:&quot;grid&quot;,&quot;outer_content_columns_tablet&quot;:&quot;2&quot;,&quot;outer_content_columns_mobile&quot;:&quot;1&quot;}\" data-widget_type=\"raven-categories.outer_content\">\n\t\t\t\t<div class=\"elementor-widget-container\">\n\t\t\t\t\t<div class=\"raven-categories-grid raven-categories-skin-outer_content\">\n\t\t\t\t\t<article class=\"raven-categories-item elementor-animation-shrink post-101 page type-page status-publish hentry\">\n\t\t\t\t\t\t<div class=\"raven-categories-content\">\n\t\t\t<div class=\"raven-categories-title-wrap\"><h3 class=\"raven-categories-title\"><a href=\"https:\/\/jetricotemaviecreative.com\/en\/category\/journal-creatif\/\">Journal Cr\u00e9atif<\/a><\/h3><\/div>\t\t\t<\/div>\n\t\t<\/article>\n\t\t\t\t<article class=\"raven-categories-item elementor-animation-shrink post-101 page type-page status-publish hentry\">\n\t\t\t\t\t\t<div class=\"raven-categories-content\">\n\t\t\t<div class=\"raven-categories-title-wrap\"><h3 class=\"raven-categories-title\"><a href=\"https:\/\/jetricotemaviecreative.com\/en\/category\/journal-dartiste\/\">Journal d&#039;artiste<\/a><\/h3><\/div>\t\t\t<\/div>\n\t\t<\/article>\n\t\t\t\t<article class=\"raven-categories-item elementor-animation-shrink post-101 page type-page status-publish hentry\">\n\t\t\t\t\t\t<div class=\"raven-categories-content\">\n\t\t\t<div class=\"raven-categories-title-wrap\"><h3 class=\"raven-categories-title\"><a href=\"https:\/\/jetricotemaviecreative.com\/en\/category\/le-mandala\/\">Le mandala<\/a><\/h3><\/div>\t\t\t<\/div>\n\t\t<\/article>\n\t\t\t\t<article class=\"raven-categories-item elementor-animation-shrink post-101 page type-page status-publish hentry\">\n\t\t\t\t\t\t<div class=\"raven-categories-content\">\n\t\t\t<div class=\"raven-categories-title-wrap\"><h3 class=\"raven-categories-title\"><a href=\"https:\/\/jetricotemaviecreative.com\/en\/category\/le-tricot\/\">Le tricot<\/a><\/h3><\/div>\t\t\t<\/div>\n\t\t<\/article>\n\t\t\t\t<article class=\"raven-categories-item elementor-animation-shrink post-101 page type-page status-publish hentry\">\n\t\t\t\t\t\t<div class=\"raven-categories-content\">\n\t\t\t<div class=\"raven-categories-title-wrap\"><h3 class=\"raven-categories-title\"><a href=\"https:\/\/jetricotemaviecreative.com\/en\/category\/les-reves\/\">Les r\u00eaves<\/a><\/h3><\/div>\t\t\t<\/div>\n\t\t<\/article>\n\t\t\t\t<article class=\"raven-categories-item elementor-animation-shrink post-101 page type-page status-publish hentry\">\n\t\t\t\t\t\t<div class=\"raven-categories-content\">\n\t\t\t<div class=\"raven-categories-title-wrap\"><h3 class=\"raven-categories-title\"><a href=\"https:\/\/jetricotemaviecreative.com\/en\/category\/mes-ecritures\/\">Mes \u00e9critures<\/a><\/h3><\/div>\t\t\t<\/div>\n\t\t<\/article>\n\t\t\t\t<article class=\"raven-categories-item elementor-animation-shrink post-101 page type-page status-publish hentry\">\n\t\t\t\t\t\t<div class=\"raven-categories-content\">\n\t\t\t<div class=\"raven-categories-title-wrap\"><h3 class=\"raven-categories-title\"><a href=\"https:\/\/jetricotemaviecreative.com\/en\/category\/mes-lectures\/\">Mes lectures<\/a><\/h3><\/div>\t\t\t<\/div>\n\t\t<\/article>\n\t\t\t\t<article class=\"raven-categories-item elementor-animation-shrink post-101 page type-page status-publish hentry\">\n\t\t\t\t\t\t<div class=\"raven-categories-content\">\n\t\t\t<div class=\"raven-categories-title-wrap\"><h3 class=\"raven-categories-title\"><a href=\"https:\/\/jetricotemaviecreative.com\/en\/category\/reflexions\/\">R\u00e9flexions<\/a><\/h3><\/div>\t\t\t<\/div>\n\t\t<\/article>\n\t\t\t\t<article class=\"raven-categories-item elementor-animation-shrink post-101 page type-page status-publish hentry\">\n\t\t\t\t\t\t<div class=\"raven-categories-content\">\n\t\t\t<div class=\"raven-categories-title-wrap\"><h3 class=\"raven-categories-title\"><a href=\"https:\/\/jetricotemaviecreative.com\/en\/category\/uncategorized\/\">Uncategorized<\/a><\/h3><\/div>\t\t\t<\/div>\n\t\t<\/article>\n\t\t\t\t<\/div>\n\t\t\t\t<\/div>\n\t\t\t\t<\/div>\n\t\t\t\t\t<\/div>\n\t\t<\/div>\n\t\t\t\t<div class=\"elementor-column elementor-col-50 elementor-top-column elementor-element elementor-element-4e18485\" data-id=\"4e18485\" data-element_type=\"column\">\n\t\t\t<div class=\"elementor-widget-wrap elementor-element-populated\">\n\t\t\t\t\t\t<div class=\"elementor-element elementor-element-ca573ea elementor-widget elementor-widget-raven-posts\" data-id=\"ca573ea\" data-element_type=\"widget\" data-settings=\"{&quot;classic_show_pagination&quot;:&quot;yes&quot;,&quot;_skin&quot;:&quot;classic&quot;,&quot;classic_layout&quot;:&quot;grid&quot;,&quot;classic_columns&quot;:&quot;3&quot;,&quot;classic_columns_tablet&quot;:&quot;2&quot;,&quot;classic_columns_mobile&quot;:&quot;1&quot;,&quot;query_posts_per_page&quot;:6,&quot;classic_pagination_type&quot;:&quot;page_based&quot;,&quot;query_offset&quot;:0}\" data-widget_type=\"raven-posts.classic\">\n\t\t\t\t<div class=\"elementor-widget-container\">\n\t\t\t\t\t<div class=\"raven-posts raven-grid raven-grid-3 raven-grid-mobile-1 raven-grid-tablet-2\" data-post-id=\"101\" data-archive-query=\"\" data-lang=\"\">\n\t\t\t\t<div class=\"raven-grid-item raven-post-item post-2287 post type-post status-publish format-standard has-post-thumbnail hentry category-journal-creatif category-journal-dartiste\">\n\t\t\t<div class=\"raven-post elementor-animation-shrink\">\n\t\t\t\t\t\t<div class=\"raven-post-image-wrap\">\n\t\t\t<a class=\"raven-post-image raven-image-fit\" href=\"https:\/\/jetricotemaviecreative.com\/en\/2026\/05\/05\/mes-petits-carnets\/\"><img fetchpriority=\"high\" decoding=\"async\" width=\"1041\" height=\"716\" src=\"https:\/\/jetricotemaviecreative.com\/wp-content\/uploads\/2026\/05\/mes-petits-carnets.jpg\" class=\"attachment-full size-full wp-image-2288\" alt=\"\" srcset=\"https:\/\/jetricotemaviecreative.com\/wp-content\/uploads\/2026\/05\/mes-petits-carnets.jpg 1041w, https:\/\/jetricotemaviecreative.com\/wp-content\/uploads\/2026\/05\/mes-petits-carnets-300x206.jpg 300w, https:\/\/jetricotemaviecreative.com\/wp-content\/uploads\/2026\/05\/mes-petits-carnets-1024x704.jpg 1024w, https:\/\/jetricotemaviecreative.com\/wp-content\/uploads\/2026\/05\/mes-petits-carnets-768x528.jpg 768w, https:\/\/jetricotemaviecreative.com\/wp-content\/uploads\/2026\/05\/mes-petits-carnets-18x12.jpg 18w\" sizes=\"(max-width: 1041px) 100vw, 1041px\" \/> <span class=\"raven-post-image-overlay\"><\/span><\/a>\t\t<\/div>\n\t\t\t\t\t\t<div class=\"raven-post-content\">\n\t\t\t\t\t\t\t<div class=\"raven-post-meta\"><a class=\"raven-post-meta-item raven-post-date\" href=\"https:\/\/jetricotemaviecreative.com\/en\/2026\/05\/\" rel=\"bookmark\">May 5, 2026<\/a>\n<span class=\"raven-post-meta-divider\">\/<\/span>\n<span class=\"raven-post-meta-item raven-post-categories\"><a href=\"https:\/\/jetricotemaviecreative.com\/en\/category\/journal-creatif\/\" rel=\"tag\">Journal Cr\u00e9atif<\/a>, <a href=\"https:\/\/jetricotemaviecreative.com\/en\/category\/journal-dartiste\/\" rel=\"tag\">Journal d'artiste<\/a><\/span><\/div>\n\t\t<h5 class=\"raven-post-title\"><a class=\"raven-post-title-link\" href=\"https:\/\/jetricotemaviecreative.com\/en\/2026\/05\/05\/mes-petits-carnets\/\">Mes petits carnets<\/a><\/h5>\t\t\t\t<\/div>\n\t\t\t<\/div>\n\t\t<\/div>\n\t\t\t\t<div class=\"raven-grid-item raven-post-item post-2281 post type-post status-publish format-standard has-post-thumbnail hentry category-reflexions\">\n\t\t\t<div class=\"raven-post elementor-animation-shrink\">\n\t\t\t\t\t\t<div class=\"raven-post-image-wrap\">\n\t\t\t<a class=\"raven-post-image raven-image-fit\" href=\"https:\/\/jetricotemaviecreative.com\/en\/2025\/05\/28\/wilson\/\"><img decoding=\"async\" width=\"1006\" height=\"1155\" src=\"https:\/\/jetricotemaviecreative.com\/wp-content\/uploads\/2025\/05\/wilson.jpg\" class=\"attachment-full size-full wp-image-2283\" alt=\"\" srcset=\"https:\/\/jetricotemaviecreative.com\/wp-content\/uploads\/2025\/05\/wilson.jpg 1006w, https:\/\/jetricotemaviecreative.com\/wp-content\/uploads\/2025\/05\/wilson-261x300.jpg 261w, https:\/\/jetricotemaviecreative.com\/wp-content\/uploads\/2025\/05\/wilson-892x1024.jpg 892w, https:\/\/jetricotemaviecreative.com\/wp-content\/uploads\/2025\/05\/wilson-768x882.jpg 768w, https:\/\/jetricotemaviecreative.com\/wp-content\/uploads\/2025\/05\/wilson-10x12.jpg 10w\" sizes=\"(max-width: 1006px) 100vw, 1006px\" \/> <span class=\"raven-post-image-overlay\"><\/span><\/a>\t\t<\/div>\n\t\t\t\t\t\t<div class=\"raven-post-content\">\n\t\t\t\t\t\t\t<div class=\"raven-post-meta\"><a class=\"raven-post-meta-item raven-post-date\" href=\"https:\/\/jetricotemaviecreative.com\/en\/2025\/05\/\" rel=\"bookmark\">May 28, 2025<\/a>\n<span class=\"raven-post-meta-divider\">\/<\/span>\n<span class=\"raven-post-meta-item raven-post-categories\"><a href=\"https:\/\/jetricotemaviecreative.com\/en\/category\/reflexions\/\" rel=\"tag\">R\u00e9flexions<\/a><\/span><\/div>\n\t\t<h5 class=\"raven-post-title\"><a class=\"raven-post-title-link\" href=\"https:\/\/jetricotemaviecreative.com\/en\/2025\/05\/28\/wilson\/\">Wilson<\/a><\/h5>\t\t\t\t<\/div>\n\t\t\t<\/div>\n\t\t<\/div>\n\t\t\t\t<div class=\"raven-grid-item raven-post-item post-2273 post type-post status-publish format-standard has-post-thumbnail hentry category-reflexions\">\n\t\t\t<div class=\"raven-post elementor-animation-shrink\">\n\t\t\t\t\t\t<div class=\"raven-post-image-wrap\">\n\t\t\t<a class=\"raven-post-image raven-image-fit\" href=\"https:\/\/jetricotemaviecreative.com\/en\/2024\/08\/27\/mon-fils-a-40-ans\/\"><img decoding=\"async\" width=\"724\" height=\"1280\" src=\"https:\/\/jetricotemaviecreative.com\/wp-content\/uploads\/2024\/08\/Loup-blogue.jpg\" class=\"attachment-full size-full wp-image-2274\" alt=\"\" srcset=\"https:\/\/jetricotemaviecreative.com\/wp-content\/uploads\/2024\/08\/Loup-blogue.jpg 724w, https:\/\/jetricotemaviecreative.com\/wp-content\/uploads\/2024\/08\/Loup-blogue-170x300.jpg 170w, https:\/\/jetricotemaviecreative.com\/wp-content\/uploads\/2024\/08\/Loup-blogue-579x1024.jpg 579w, https:\/\/jetricotemaviecreative.com\/wp-content\/uploads\/2024\/08\/Loup-blogue-7x12.jpg 7w\" sizes=\"(max-width: 724px) 100vw, 724px\" \/> <span class=\"raven-post-image-overlay\"><\/span><\/a>\t\t<\/div>\n\t\t\t\t\t\t<div class=\"raven-post-content\">\n\t\t\t\t\t\t\t<div class=\"raven-post-meta\"><a class=\"raven-post-meta-item raven-post-date\" href=\"https:\/\/jetricotemaviecreative.com\/en\/2024\/08\/\" rel=\"bookmark\">August 27, 2024<\/a>\n<span class=\"raven-post-meta-divider\">\/<\/span>\n<span class=\"raven-post-meta-item raven-post-categories\"><a href=\"https:\/\/jetricotemaviecreative.com\/en\/category\/reflexions\/\" rel=\"tag\">R\u00e9flexions<\/a><\/span><\/div>\n\t\t<h5 class=\"raven-post-title\"><a class=\"raven-post-title-link\" href=\"https:\/\/jetricotemaviecreative.com\/en\/2024\/08\/27\/mon-fils-a-40-ans\/\">Mon fils a 40 ans<\/a><\/h5>\t\t\t\t<\/div>\n\t\t\t<\/div>\n\t\t<\/div>\n\t\t\t\t<div class=\"raven-grid-item raven-post-item post-2270 post type-post status-publish format-standard has-post-thumbnail hentry category-journal-dartiste\">\n\t\t\t<div class=\"raven-post elementor-animation-shrink\">\n\t\t\t\t\t\t<div class=\"raven-post-image-wrap\">\n\t\t\t<a class=\"raven-post-image raven-image-fit\" href=\"https:\/\/jetricotemaviecreative.com\/en\/2024\/08\/27\/un-ete-a-explorer-le-journal-dartiste\/\"><img loading=\"lazy\" decoding=\"async\" width=\"596\" height=\"688\" src=\"https:\/\/jetricotemaviecreative.com\/wp-content\/uploads\/2024\/08\/flow-creatif.jpg\" class=\"attachment-full size-full wp-image-2271\" alt=\"\" srcset=\"https:\/\/jetricotemaviecreative.com\/wp-content\/uploads\/2024\/08\/flow-creatif.jpg 596w, https:\/\/jetricotemaviecreative.com\/wp-content\/uploads\/2024\/08\/flow-creatif-260x300.jpg 260w, https:\/\/jetricotemaviecreative.com\/wp-content\/uploads\/2024\/08\/flow-creatif-10x12.jpg 10w\" sizes=\"(max-width: 596px) 100vw, 596px\" \/> <span class=\"raven-post-image-overlay\"><\/span><\/a>\t\t<\/div>\n\t\t\t\t\t\t<div class=\"raven-post-content\">\n\t\t\t\t\t\t\t<div class=\"raven-post-meta\"><a class=\"raven-post-meta-item raven-post-date\" href=\"https:\/\/jetricotemaviecreative.com\/en\/2024\/08\/\" rel=\"bookmark\">August 27, 2024<\/a>\n<span class=\"raven-post-meta-divider\">\/<\/span>\n<span class=\"raven-post-meta-item raven-post-categories\"><a href=\"https:\/\/jetricotemaviecreative.com\/en\/category\/journal-dartiste\/\" rel=\"tag\">Journal d'artiste<\/a><\/span><\/div>\n\t\t<h5 class=\"raven-post-title\"><a class=\"raven-post-title-link\" href=\"https:\/\/jetricotemaviecreative.com\/en\/2024\/08\/27\/un-ete-a-explorer-le-journal-dartiste\/\">Un \u00e9t\u00e9 \u00e0 explorer le journal d&#8217;artiste<\/a><\/h5>\t\t\t\t<\/div>\n\t\t\t<\/div>\n\t\t<\/div>\n\t\t\t\t<div class=\"raven-grid-item raven-post-item post-2267 post type-post status-publish format-standard has-post-thumbnail hentry category-reflexions\">\n\t\t\t<div class=\"raven-post elementor-animation-shrink\">\n\t\t\t\t\t\t<div class=\"raven-post-image-wrap\">\n\t\t\t<a class=\"raven-post-image raven-image-fit\" href=\"https:\/\/jetricotemaviecreative.com\/en\/2024\/08\/27\/bulles-de-bonheur\/\"><img loading=\"lazy\" decoding=\"async\" width=\"1056\" height=\"618\" src=\"https:\/\/jetricotemaviecreative.com\/wp-content\/uploads\/2024\/08\/bulles-de-bonheur.jpg\" class=\"attachment-full size-full wp-image-2268\" alt=\"\" srcset=\"https:\/\/jetricotemaviecreative.com\/wp-content\/uploads\/2024\/08\/bulles-de-bonheur.jpg 1056w, https:\/\/jetricotemaviecreative.com\/wp-content\/uploads\/2024\/08\/bulles-de-bonheur-300x176.jpg 300w, https:\/\/jetricotemaviecreative.com\/wp-content\/uploads\/2024\/08\/bulles-de-bonheur-1024x599.jpg 1024w, https:\/\/jetricotemaviecreative.com\/wp-content\/uploads\/2024\/08\/bulles-de-bonheur-768x449.jpg 768w, https:\/\/jetricotemaviecreative.com\/wp-content\/uploads\/2024\/08\/bulles-de-bonheur-18x12.jpg 18w\" sizes=\"(max-width: 1056px) 100vw, 1056px\" \/> <span class=\"raven-post-image-overlay\"><\/span><\/a>\t\t<\/div>\n\t\t\t\t\t\t<div class=\"raven-post-content\">\n\t\t\t\t\t\t\t<div class=\"raven-post-meta\"><a class=\"raven-post-meta-item raven-post-date\" href=\"https:\/\/jetricotemaviecreative.com\/en\/2024\/08\/\" rel=\"bookmark\">August 27, 2024<\/a>\n<span class=\"raven-post-meta-divider\">\/<\/span>\n<span class=\"raven-post-meta-item raven-post-categories\"><a href=\"https:\/\/jetricotemaviecreative.com\/en\/category\/reflexions\/\" rel=\"tag\">R\u00e9flexions<\/a><\/span><\/div>\n\t\t<h5 class=\"raven-post-title\"><a class=\"raven-post-title-link\" href=\"https:\/\/jetricotemaviecreative.com\/en\/2024\/08\/27\/bulles-de-bonheur\/\">Bulles de bonheur<\/a><\/h5>\t\t\t\t<\/div>\n\t\t\t<\/div>\n\t\t<\/div>\n\t\t\t\t<div class=\"raven-grid-item raven-post-item post-2261 post type-post status-publish format-standard has-post-thumbnail hentry category-reflexions\">\n\t\t\t<div class=\"raven-post elementor-animation-shrink\">\n\t\t\t\t\t\t<div class=\"raven-post-image-wrap\">\n\t\t\t<a class=\"raven-post-image raven-image-fit\" href=\"https:\/\/jetricotemaviecreative.com\/en\/2024\/05\/02\/lamour-dune-mere-est-plus-profond-que-locean\/\"><img loading=\"lazy\" decoding=\"async\" width=\"650\" height=\"916\" src=\"https:\/\/jetricotemaviecreative.com\/wp-content\/uploads\/2024\/05\/bon-voyage-cecile.jpg\" class=\"attachment-full size-full wp-image-2262\" alt=\"\" srcset=\"https:\/\/jetricotemaviecreative.com\/wp-content\/uploads\/2024\/05\/bon-voyage-cecile.jpg 650w, https:\/\/jetricotemaviecreative.com\/wp-content\/uploads\/2024\/05\/bon-voyage-cecile-213x300.jpg 213w, https:\/\/jetricotemaviecreative.com\/wp-content\/uploads\/2024\/05\/bon-voyage-cecile-9x12.jpg 9w\" sizes=\"(max-width: 650px) 100vw, 650px\" \/> <span class=\"raven-post-image-overlay\"><\/span><\/a>\t\t<\/div>\n\t\t\t\t\t\t<div class=\"raven-post-content\">\n\t\t\t\t\t\t\t<div class=\"raven-post-meta\"><a class=\"raven-post-meta-item raven-post-date\" href=\"https:\/\/jetricotemaviecreative.com\/en\/2024\/05\/\" rel=\"bookmark\">May 2, 2024<\/a>\n<span class=\"raven-post-meta-divider\">\/<\/span>\n<span class=\"raven-post-meta-item raven-post-categories\"><a href=\"https:\/\/jetricotemaviecreative.com\/en\/category\/reflexions\/\" rel=\"tag\">R\u00e9flexions<\/a><\/span><\/div>\n\t\t<h5 class=\"raven-post-title\"><a class=\"raven-post-title-link\" href=\"https:\/\/jetricotemaviecreative.com\/en\/2024\/05\/02\/lamour-dune-mere-est-plus-profond-que-locean\/\">L&#8217;amour d&#8217;une m\u00e8re est plus profond que l&#8217;oc\u00e9an.<\/a><\/h5>\t\t\t\t<\/div>\n\t\t\t<\/div>\n\t\t<\/div>\n\t\t\t\t<\/div>\n\t\t\t\t<div class=\"raven-pagination\" data-settings=\"{&quot;posts_per_page&quot;:6,&quot;total_pages&quot;:15,&quot;pages_visible&quot;:7}\">\n\t\t\t<div class=\"raven-pagination-items\">\n\t\t\t\t<a class=\"raven-pagination-prev raven-pagination-item raven-pagination-disabled\" href=\"#\">&laquo; Pr\u00e9c\u00e9dent<\/a><a class=\"raven-pagination-num raven-pagination-item raven-pagination-active\" href=\"#\" data-page-num=\"1\">1<\/a><a class=\"raven-pagination-num raven-pagination-item\" href=\"#\" data-page-num=\"2\">2<\/a><a class=\"raven-pagination-num raven-pagination-item\" href=\"#\" data-page-num=\"3\">3<\/a><a class=\"raven-pagination-num raven-pagination-item\" href=\"#\" data-page-num=\"4\">4<\/a><a class=\"raven-pagination-num raven-pagination-item\" href=\"#\" data-page-num=\"5\">5<\/a><a class=\"raven-pagination-num raven-pagination-item\" href=\"#\" data-page-num=\"6\">6<\/a><a class=\"raven-pagination-num raven-pagination-item\" href=\"#\" data-page-num=\"7\">7<\/a><a class=\"raven-pagination-next raven-pagination-item\" href=\"#\">Suivant &raquo;<\/a>\t\t\t<\/div>\n\t\t<\/div>\n\t\t\t\t<\/div>\n\t\t\t\t<\/div>\n\t\t\t\t\t<\/div>\n\t\t<\/div>\n\t\t\t\t\t<\/div>\n\t\t<\/section>\n\t\t\t\t<\/div>","protected":false},"excerpt":{"rendered":"<p>Bienvenue sur mon blogue La cr\u00e9ation est un voyage d&#8217;expression et d&#8217;exploration de soi Cat\u00e9gories Journal Cr\u00e9atif Journal d&#8217;artiste Le mandala Le tricot Les r\u00eaves Mes lectures R\u00e9flexions Uncategorized mars 9, 2023 \/ Journal d&#8217;artiste Le gu\u00e9pard me dit mars 6, 2023 \/ Mes lectures Les laboureurs et les mangeurs de vent mars 3, 2023 [&hellip;]<\/p>","protected":false},"author":1,"featured_media":0,"parent":0,"menu_order":0,"comment_status":"closed","ping_status":"closed","template":"full-width.php","meta":{"_acf_changed":false,"footnotes":""},"class_list":["post-101","page","type-page","status-publish","hentry"],"acf":[],"_links":{"self":[{"href":"https:\/\/jetricotemaviecreative.com\/en\/wp-json\/wp\/v2\/pages\/101","targetHints":{"allow":["GET"]}}],"collection":[{"href":"https:\/\/jetricotemaviecreative.com\/en\/wp-json\/wp\/v2\/pages"}],"about":[{"href":"https:\/\/jetricotemaviecreative.com\/en\/wp-json\/wp\/v2\/types\/page"}],"author":[{"embeddable":true,"href":"https:\/\/jetricotemaviecreative.com\/en\/wp-json\/wp\/v2\/users\/1"}],"replies":[{"embeddable":true,"href":"https:\/\/jetricotemaviecreative.com\/en\/wp-json\/wp\/v2\/comments?post=101"}],"version-history":[{"count":0,"href":"https:\/\/jetricotemaviecreative.com\/en\/wp-json\/wp\/v2\/pages\/101\/revisions"}],"wp:attachment":[{"href":"https:\/\/jetricotemaviecreative.com\/en\/wp-json\/wp\/v2\/media?parent=101"}],"curies":[{"name":"wp","href":"https:\/\/api.w.org\/{rel}","templated":true}]}}